{"id":4117,"date":"2022-06-20T14:10:26","date_gmt":"2022-06-20T12:10:26","guid":{"rendered":"https:\/\/www.pastogilson.com\/gilson-contact\/"},"modified":"2024-05-21T11:58:40","modified_gmt":"2024-05-21T09:58:40","slug":"gilson-contact","status":"publish","type":"page","link":"https:\/\/www.pastogilson.com\/en\/gilson-contact\/","title":{"rendered":"Gilson &#8211; Contact"},"content":{"rendered":"\n<section class=\"wp-block-uagb-section uagb-section__wrap uagb-section__background-image alignfull uagb-block-f8ce5928 hero-banner\"><div class=\"uagb-section__overlay\"><\/div><div class=\"uagb-section__inner-wrap\">\n<h1 class=\"wp-block-heading has-ast-global-color-5-color has-text-color\">Contact us<\/h1>\n<\/div><\/section>\n\n\n\n<section class=\"wp-block-uagb-section uagb-section__wrap uagb-section__background-undefined uagb-block-8926ae33 contact-corps-container\" id=\"contact-corps\"><div class=\"uagb-section__overlay\"><\/div><div class=\"uagb-section__inner-wrap\">\n<div class=\"wp-block-uagb-columns uagb-columns__wrap uagb-columns__background-undefined uagb-columns__stack-mobile uagb-columns__valign-undefined uagb-columns__gap-10 alignundefined uagb-block-6a9cd237 contact-corps-columns\"><div class=\"uagb-columns__overlay\"><\/div><div class=\"uagb-columns__inner-wrap uagb-columns__columns-2\">\n<div class=\"wp-block-uagb-column uagb-column__wrap uagb-column__background-color uagb-block-ff7fbf06 contact-corps-column-g\"><div class=\"uagb-column__overlay\"><\/div><div class=\"uagb-column__inner-wrap\">\n<figure class=\"wp-block-image size-full contact-corps-column-g-img\"><img loading=\"lazy\" decoding=\"async\" width=\"750\" height=\"563\" src=\"https:\/\/www.pastogilson.com\/wp-content\/uploads\/2022\/06\/Gilson-atelier-contact.jpg\" alt=\"\" class=\"wp-image-2758\" srcset=\"https:\/\/www.pastogilson.com\/wp-content\/uploads\/2022\/06\/Gilson-atelier-contact.jpg 750w, https:\/\/www.pastogilson.com\/wp-content\/uploads\/2022\/06\/Gilson-atelier-contact-300x225.jpg 300w\" sizes=\"(max-width: 750px) 100vw, 750px\" \/><\/figure>\n\n\n\n<div class=\"wp-block-uagb-section uagb-section__wrap uagb-section__background-color uagb-block-cf11ee31 contact-corps-column-g-txt-container\"><div class=\"uagb-section__overlay\"><\/div><div class=\"uagb-section__inner-wrap\">\n<div class=\"wp-block-uagb-section uagb-section__wrap uagb-section__background-undefined uagb-block-c146c891 contact-corps-columns-g-txt\"><div class=\"uagb-section__overlay\"><\/div><div class=\"uagb-section__inner-wrap\">\n<h3 class=\"wp-block-heading\">Contact info<\/h3>\n\n\n\n<ul>\n<li><mark style=\"background-color:rgba(0, 0, 0, 0)\" class=\"has-inline-color has-ast-global-color-5-color\">Z.A., A Maboez E<br>01420 Corbonod (France)<\/mark>\n<ul>\n<li><\/li>\n<\/ul>\n<\/li>\n\n\n\n<li><strong><a href=\"tel:+33450605016\"><mark style=\"background-color:rgba(0, 0, 0, 0)\" class=\"has-inline-color has-ast-global-color-5-color\"><\/mark><\/a><a href=\"tel:+33683411569\">+33 (0) 6 83 41 15 69<\/a><\/strong><\/li>\n\n\n\n<li><a href=\"mailto:info@pastogilson.fr\"><mark style=\"background-color:rgba(0, 0, 0, 0)\" class=\"has-inline-color has-ast-global-color-5-color\">info@pastogilson.fr<\/mark><\/a><\/li>\n<\/ul>\n<\/div><\/div>\n<\/div><\/div>\n\n\n\n<div class=\"wp-block-uagb-section uagb-section__wrap uagb-section__background-undefined uagb-block-c606e1cc contact-corps-column-g-txt-container\"><div class=\"uagb-section__overlay\"><\/div><div class=\"uagb-section__inner-wrap\">\n<div class=\"wp-block-uagb-section uagb-section__wrap uagb-section__background-undefined uagb-block-c40e1705 contact-corps-columns-g-txt\"><div class=\"uagb-section__overlay\"><\/div><div class=\"uagb-section__inner-wrap\">\n<h3 class=\"wp-block-heading\">Opening hours<\/h3>\n\n\n\n<ul>\n<li><mark style=\"background-color:rgba(0, 0, 0, 0)\" class=\"has-inline-color has-ast-global-color-5-color\">Lundi au vendredi<br>de 8h00 \u00e0 12h30 et de 14h \u00e0 17h30<\/mark><\/li>\n<\/ul>\n<\/div><\/div>\n<\/div><\/div>\n<\/div><\/div>\n\n\n\n<div class=\"wp-block-uagb-column uagb-column__wrap uagb-column__background-color uagb-block-00005718 contact-corps-column-d\"><div class=\"uagb-column__overlay\"><\/div><div class=\"uagb-column__inner-wrap\">\n<figure class=\"wp-block-image size-large\"><img loading=\"lazy\" decoding=\"async\" width=\"290\" height=\"68\" src=\"https:\/\/www.pastogilson.com\/wp-content\/uploads\/2022\/06\/Gilson-contact-logo.svg\" alt=\"\" class=\"wp-image-2795\" srcset=\"https:\/\/www.pastogilson.com\/wp-content\/uploads\/Gilson-contact-logo.svg 150w, https:\/\/www.pastogilson.com\/wp-content\/uploads\/Gilson-contact-logo.svg 300w, https:\/\/www.pastogilson.com\/wp-content\/uploads\/Gilson-contact-logo.svg 768w, https:\/\/www.pastogilson.com\/wp-content\/uploads\/Gilson-contact-logo.svg 1024w, https:\/\/www.pastogilson.com\/wp-content\/uploads\/Gilson-contact-logo.svg 290w\" sizes=\"(max-width: 290px) 100vw, 290px\" \/><\/figure>\n\n\n\n<h3 class=\"wp-block-heading\">Do not hesitate to contact us&#8230;<\/h3>\n\n\n\n<p>Please fill out the form below.<br>We will make every effort to answer you as soon as possible.<\/p>\n\n\n<div role=\"form\" class=\"wpcf7\" id=\"wpcf7-f4662-o1\" lang=\"en-US\" dir=\"ltr\">\n<div class=\"screen-reader-response\"><p role=\"status\" aria-live=\"polite\" aria-atomic=\"true\"><\/p> <ul><\/ul><\/div>\n<form action=\"\/en\/wp-json\/wp\/v2\/pages\/4117#wpcf7-f4662-o1\" method=\"post\" class=\"wpcf7-form init\" novalidate=\"novalidate\" data-status=\"init\">\n<div style=\"display: none;\">\n<input type=\"hidden\" name=\"_wpcf7\" value=\"4662\" \/>\n<input type=\"hidden\" name=\"_wpcf7_version\" value=\"5.6.2\" \/>\n<input type=\"hidden\" name=\"_wpcf7_locale\" value=\"en_US\" \/>\n<input type=\"hidden\" name=\"_wpcf7_unit_tag\" value=\"wpcf7-f4662-o1\" \/>\n<input type=\"hidden\" name=\"_wpcf7_container_post\" value=\"0\" \/>\n<input type=\"hidden\" name=\"_wpcf7_posted_data_hash\" value=\"\" \/>\n<\/div>\n<p><label> Company name <span class=\"wpcf7-form-control-wrap\" data-name=\"your-company\"><input type=\"text\" name=\"your-company\" value=\"\" size=\"40\" class=\"wpcf7-form-control wpcf7-text\" id=\"cf-prenom\" aria-invalid=\"false\" placeholder=\"Company name\" \/><\/span> <\/label><\/p>\n<div class=\"cf-2col\">\n <label>First name* <span class=\"wpcf7-form-control-wrap\" data-name=\"your-first-name\"><input type=\"text\" name=\"your-first-name\" value=\"\" size=\"40\" class=\"wpcf7-form-control wpcf7-text wpcf7-validates-as-required\" id=\"cf-prenom\" aria-required=\"true\" aria-invalid=\"false\" placeholder=\"Your first name\" \/><\/span><\/label> <label>Last name* <span class=\"wpcf7-form-control-wrap\" data-name=\"your-name\"><input type=\"text\" name=\"your-name\" value=\"\" size=\"40\" class=\"wpcf7-form-control wpcf7-text wpcf7-validates-as-required\" id=\"cf-nom\" aria-required=\"true\" aria-invalid=\"false\" placeholder=\"Your name\" \/><\/span><\/label>\n<\/div>\n<p><label> E-mail<br \/>\n    <span class=\"wpcf7-form-control-wrap\" data-name=\"your-email\"><input type=\"email\" name=\"your-email\" value=\"\" size=\"40\" class=\"wpcf7-form-control wpcf7-text wpcf7-email wpcf7-validates-as-required wpcf7-validates-as-email\" id=\"cf-email\" aria-required=\"true\" aria-invalid=\"false\" placeholder=\"ex. m.dubois@mail.com\" \/><\/span> <\/label><\/p>\n<p><label> Your telephone number<br \/>\n<span class=\"wpcf7-form-control-wrap\" data-name=\"tel-714\"><input type=\"tel\" name=\"tel-714\" value=\"\" size=\"40\" class=\"wpcf7-form-control wpcf7-text wpcf7-tel wpcf7-validates-as-required wpcf7-validates-as-tel\" id=\"cf-tel\" aria-required=\"true\" aria-invalid=\"false\" placeholder=\"Phone\" \/><\/span> <\/label><\/p>\n<p><label> Your contact's subject<br \/>\n<span class=\"wpcf7-form-control-wrap\" data-name=\"subject\"><select name=\"subject\" class=\"wpcf7-form-control wpcf7-select wpcf7-validates-as-required\" id=\"cf-sujet\" aria-required=\"true\" aria-invalid=\"false\"><option value=\"\">Choisir un sujet<\/option><option value=\"Demander un conseil\">Demander un conseil<\/option><option value=\"Demander un devis\">Demander un devis<\/option><option value=\"Commander des pi\u00e8ces\">Commander des pi\u00e8ces<\/option><option value=\"Suivre une commande\">Suivre une commande<\/option><option value=\"Autre\u2026\">Autre\u2026<\/option><\/select><\/span> <\/label><\/p>\n<p><label> Your message<br \/>\n    <span class=\"wpcf7-form-control-wrap\" data-name=\"your-message\"><textarea name=\"your-message\" cols=\"10\" rows=\"3\" class=\"wpcf7-form-control wpcf7-textarea wpcf7-validates-as-required\" id=\"cf-message\" aria-required=\"true\" aria-invalid=\"false\" placeholder=\"Your message\"><\/textarea><\/span> <\/label><\/p>\n<div class=\"form-rgpd\">\n<p>RGPD<\/p>\n<p>The information collected in this form is used solely by Gilson as part of our business of selling products or services and in compliance with the RGPD rules in force. You can read our <a href=\"https:\/\/www.pastogilson.com\/politique-de-confidentialite\">Privacy Policy<\/a> here <\/p>\n<\/div>\n<p><span class=\"wpcf7-form-control-wrap\" data-name=\"checkbox-588\"><span class=\"wpcf7-form-control wpcf7-checkbox wpcf7-validates-as-required\"><span class=\"wpcf7-list-item first last\"><label><input type=\"checkbox\" name=\"checkbox-588[]\" value=\"En compl\u00e9tant ce formulaire, je consens \u00e0 partager mes informations avec la soci\u00e9t\u00e9 Gilson *\" \/><span class=\"wpcf7-list-item-label\">En compl\u00e9tant ce formulaire, je consens \u00e0 partager mes informations avec la soci\u00e9t\u00e9 Gilson *<\/span><\/label><\/span><\/span><\/span><\/p>\n<p><span class=\"form-submit\"><input type=\"submit\" value=\"Send\" class=\"wpcf7-form-control has-spinner wpcf7-submit\" \/><\/p>\n<p><script type=\"text\/javascript\">\n    document.addEventListener( 'wpcf7mailsent', function( event ) {\n        location = 'https:\/\/www.pastogilson.com\/page-de-remerciement';\n    }, false );\n<\/script><\/p>\n<p><\/span><\/p>\n<div class=\"wpcf7-response-output\" aria-hidden=\"true\"><\/div><\/form><\/div>\n\n\n\n<p class=\"recaptcha-contactForm\">This site is protected by reCaptcha. Google&#8217;s <a href=\"https:\/\/policies.google.com\/privacy\" target=\"_blank\" rel=\"noreferrer noopener nofollow\">privacy policy<\/a> and <a href=\"https:\/\/policies.google.com\/terms\" target=\"_blank\" rel=\"noreferrer noopener nofollow\">terms<\/a> of use apply.<\/p>\n<\/div><\/div>\n<\/div><\/div>\n<\/div><\/section>\n","protected":false},"excerpt":{"rendered":"","protected":false},"author":1,"featured_media":0,"parent":0,"menu_order":0,"comment_status":"closed","ping_status":"closed","template":"","meta":{"site-sidebar-layout":"default","site-content-layout":"","ast-site-content-layout":"default","site-content-style":"default","site-sidebar-style":"default","ast-global-header-display":"","ast-banner-title-visibility":"","ast-main-header-display":"","ast-hfb-above-header-display":"","ast-hfb-below-header-display":"","ast-hfb-mobile-header-display":"","site-post-title":"disabled","ast-breadcrumbs-content":"","ast-featured-img":"","footer-sml-layout":"","theme-transparent-header-meta":"","adv-header-id-meta":"","stick-header-meta":"","header-above-stick-meta":"","header-main-stick-meta":"","header-below-stick-meta":"","astra-migrate-meta-layouts":"default","ast-page-background-enabled":"default","ast-page-background-meta":{"desktop":{"background-color":"var(--ast-global-color-4)","background-image":"","background-repeat":"repeat","background-position":"center center","background-size":"auto","background-attachment":"scroll","background-type":"","background-media":"","overlay-type":"","overlay-color":"","overlay-opacity":"","overlay-gradient":""},"tablet":{"background-color":"","background-image":"","background-repeat":"repeat","background-position":"center center","background-size":"auto","background-attachment":"scroll","background-type":"","background-media":"","overlay-type":"","overlay-color":"","overlay-opacity":"","overlay-gradient":""},"mobile":{"background-color":"","background-image":"","background-repeat":"repeat","background-position":"center center","background-size":"auto","background-attachment":"scroll","background-type":"","background-media":"","overlay-type":"","overlay-color":"","overlay-opacity":"","overlay-gradient":""}},"ast-content-background-meta":{"desktop":{"background-color":"var(--ast-global-color-5)","background-image":"","background-repeat":"repeat","background-position":"center center","background-size":"auto","background-attachment":"scroll","background-type":"","background-media":"","overlay-type":"","overlay-color":"","overlay-opacity":"","overlay-gradient":""},"tablet":{"background-color":"var(--ast-global-color-5)","background-image":"","background-repeat":"repeat","background-position":"center center","background-size":"auto","background-attachment":"scroll","background-type":"","background-media":"","overlay-type":"","overlay-color":"","overlay-opacity":"","overlay-gradient":""},"mobile":{"background-color":"var(--ast-global-color-5)","background-image":"","background-repeat":"repeat","background-position":"center center","background-size":"auto","background-attachment":"scroll","background-type":"","background-media":"","overlay-type":"","overlay-color":"","overlay-opacity":"","overlay-gradient":""}},"footnotes":""},"yoast_head":"<!-- This site is optimized with the Yoast SEO plugin v19.9 - https:\/\/yoast.com\/wordpress\/plugins\/seo\/ -->\n<title>Contact us - Gilson<\/title>\n<meta name=\"description\" content=\"Gilson, designer and manufacturer of quality pasteurizers and acetators since 1959. Contact Form\" \/>\n<meta name=\"robots\" content=\"index, follow, max-snippet:-1, max-image-preview:large, max-video-preview:-1\" \/>\n<link rel=\"canonical\" href=\"https:\/\/www.pastogilson.com\/en\/gilson-contact\/\" \/>\n<meta property=\"og:locale\" content=\"en_US\" \/>\n<meta property=\"og:type\" content=\"article\" \/>\n<meta property=\"og:title\" content=\"Contact us - Gilson\" \/>\n<meta property=\"og:description\" content=\"Gilson, designer and manufacturer of quality pasteurizers and acetators since 1959. Contact Form\" \/>\n<meta property=\"og:url\" content=\"https:\/\/www.pastogilson.com\/en\/gilson-contact\/\" \/>\n<meta property=\"og:site_name\" content=\"Pasteurisateurs Ac\u00e9tateurs Gilson\" \/>\n<meta property=\"article:modified_time\" content=\"2024-05-21T09:58:40+00:00\" \/>\n<meta property=\"og:image\" content=\"https:\/\/www.pastogilson.com\/wp-content\/uploads\/2022\/06\/Gilson-atelier-contact.jpg\" \/>\n<meta name=\"twitter:card\" content=\"summary_large_image\" \/>\n<meta name=\"twitter:label1\" content=\"Est. reading time\" \/>\n\t<meta name=\"twitter:data1\" content=\"1 minute\" \/>\n<script type=\"application\/ld+json\" class=\"yoast-schema-graph\">{\"@context\":\"https:\/\/schema.org\",\"@graph\":[{\"@type\":\"WebPage\",\"@id\":\"https:\/\/www.pastogilson.com\/en\/gilson-contact\/\",\"url\":\"https:\/\/www.pastogilson.com\/en\/gilson-contact\/\",\"name\":\"Contact us - Gilson\",\"isPartOf\":{\"@id\":\"https:\/\/www.pastogilson.com\/en\/#website\"},\"datePublished\":\"2022-06-20T12:10:26+00:00\",\"dateModified\":\"2024-05-21T09:58:40+00:00\",\"description\":\"Gilson, designer and manufacturer of quality pasteurizers and acetators since 1959. Contact Form\",\"breadcrumb\":{\"@id\":\"https:\/\/www.pastogilson.com\/en\/gilson-contact\/#breadcrumb\"},\"inLanguage\":\"en-US\",\"potentialAction\":[{\"@type\":\"ReadAction\",\"target\":[\"https:\/\/www.pastogilson.com\/en\/gilson-contact\/\"]}]},{\"@type\":\"BreadcrumbList\",\"@id\":\"https:\/\/www.pastogilson.com\/en\/gilson-contact\/#breadcrumb\",\"itemListElement\":[{\"@type\":\"ListItem\",\"position\":1,\"name\":\"Accueil\",\"item\":\"https:\/\/www.pastogilson.com\/en\/\"},{\"@type\":\"ListItem\",\"position\":2,\"name\":\"Gilson &#8211; Contact\"}]},{\"@type\":\"WebSite\",\"@id\":\"https:\/\/www.pastogilson.com\/en\/#website\",\"url\":\"https:\/\/www.pastogilson.com\/en\/\",\"name\":\"Pasteurisateurs Ac\u00e9tateurs Gilson\",\"description\":\"Pasteurisateurs, traitement des jus de fruits, production de vinaigre\",\"publisher\":{\"@id\":\"https:\/\/www.pastogilson.com\/en\/#organization\"},\"potentialAction\":[{\"@type\":\"SearchAction\",\"target\":{\"@type\":\"EntryPoint\",\"urlTemplate\":\"https:\/\/www.pastogilson.com\/en\/?s={search_term_string}\"},\"query-input\":\"required name=search_term_string\"}],\"inLanguage\":\"en-US\"},{\"@type\":\"Organization\",\"@id\":\"https:\/\/www.pastogilson.com\/en\/#organization\",\"name\":\"Pasteurisateurs Ac\u00e9tateurs Gilson\",\"url\":\"https:\/\/www.pastogilson.com\/en\/\",\"logo\":{\"@type\":\"ImageObject\",\"inLanguage\":\"en-US\",\"@id\":\"https:\/\/www.pastogilson.com\/en\/#\/schema\/logo\/image\/\",\"url\":\"https:\/\/www.pastogilson.com\/wp-content\/uploads\/2022\/06\/Logo-Gilson-Histoire.svg\",\"contentUrl\":\"https:\/\/www.pastogilson.com\/wp-content\/uploads\/2022\/06\/Logo-Gilson-Histoire.svg\",\"width\":252,\"height\":276,\"caption\":\"Pasteurisateurs Ac\u00e9tateurs Gilson\"},\"image\":{\"@id\":\"https:\/\/www.pastogilson.com\/en\/#\/schema\/logo\/image\/\"},\"sameAs\":[\"https:\/\/www.linkedin.com\/company\/gilson-pasteurisateurs-actateurs\/\",\"https:\/\/www.youtube.com\/channel\/UCkg53pUXqw7cRl1cyH9W9Og\",\"https:\/\/www.pinterest.fr\/pasteurisateurgilson\"]}]}<\/script>\n<!-- \/ Yoast SEO plugin. -->","yoast_head_json":{"title":"Contact us - Gilson","description":"Gilson, designer and manufacturer of quality pasteurizers and acetators since 1959. Contact Form","robots":{"index":"index","follow":"follow","max-snippet":"max-snippet:-1","max-image-preview":"max-image-preview:large","max-video-preview":"max-video-preview:-1"},"canonical":"https:\/\/www.pastogilson.com\/en\/gilson-contact\/","og_locale":"en_US","og_type":"article","og_title":"Contact us - Gilson","og_description":"Gilson, designer and manufacturer of quality pasteurizers and acetators since 1959. Contact Form","og_url":"https:\/\/www.pastogilson.com\/en\/gilson-contact\/","og_site_name":"Pasteurisateurs Ac\u00e9tateurs Gilson","article_modified_time":"2024-05-21T09:58:40+00:00","og_image":[{"url":"https:\/\/www.pastogilson.com\/wp-content\/uploads\/2022\/06\/Gilson-atelier-contact.jpg"}],"twitter_card":"summary_large_image","twitter_misc":{"Est. reading time":"1 minute"},"schema":{"@context":"https:\/\/schema.org","@graph":[{"@type":"WebPage","@id":"https:\/\/www.pastogilson.com\/en\/gilson-contact\/","url":"https:\/\/www.pastogilson.com\/en\/gilson-contact\/","name":"Contact us - Gilson","isPartOf":{"@id":"https:\/\/www.pastogilson.com\/en\/#website"},"datePublished":"2022-06-20T12:10:26+00:00","dateModified":"2024-05-21T09:58:40+00:00","description":"Gilson, designer and manufacturer of quality pasteurizers and acetators since 1959. Contact Form","breadcrumb":{"@id":"https:\/\/www.pastogilson.com\/en\/gilson-contact\/#breadcrumb"},"inLanguage":"en-US","potentialAction":[{"@type":"ReadAction","target":["https:\/\/www.pastogilson.com\/en\/gilson-contact\/"]}]},{"@type":"BreadcrumbList","@id":"https:\/\/www.pastogilson.com\/en\/gilson-contact\/#breadcrumb","itemListElement":[{"@type":"ListItem","position":1,"name":"Accueil","item":"https:\/\/www.pastogilson.com\/en\/"},{"@type":"ListItem","position":2,"name":"Gilson &#8211; Contact"}]},{"@type":"WebSite","@id":"https:\/\/www.pastogilson.com\/en\/#website","url":"https:\/\/www.pastogilson.com\/en\/","name":"Pasteurisateurs Ac\u00e9tateurs Gilson","description":"Pasteurisateurs, traitement des jus de fruits, production de vinaigre","publisher":{"@id":"https:\/\/www.pastogilson.com\/en\/#organization"},"potentialAction":[{"@type":"SearchAction","target":{"@type":"EntryPoint","urlTemplate":"https:\/\/www.pastogilson.com\/en\/?s={search_term_string}"},"query-input":"required name=search_term_string"}],"inLanguage":"en-US"},{"@type":"Organization","@id":"https:\/\/www.pastogilson.com\/en\/#organization","name":"Pasteurisateurs Ac\u00e9tateurs Gilson","url":"https:\/\/www.pastogilson.com\/en\/","logo":{"@type":"ImageObject","inLanguage":"en-US","@id":"https:\/\/www.pastogilson.com\/en\/#\/schema\/logo\/image\/","url":"https:\/\/www.pastogilson.com\/wp-content\/uploads\/2022\/06\/Logo-Gilson-Histoire.svg","contentUrl":"https:\/\/www.pastogilson.com\/wp-content\/uploads\/2022\/06\/Logo-Gilson-Histoire.svg","width":252,"height":276,"caption":"Pasteurisateurs Ac\u00e9tateurs Gilson"},"image":{"@id":"https:\/\/www.pastogilson.com\/en\/#\/schema\/logo\/image\/"},"sameAs":["https:\/\/www.linkedin.com\/company\/gilson-pasteurisateurs-actateurs\/","https:\/\/www.youtube.com\/channel\/UCkg53pUXqw7cRl1cyH9W9Og","https:\/\/www.pinterest.fr\/pasteurisateurgilson"]}]}},"uagb_featured_image_src":{"full":false,"thumbnail":false,"medium":false,"medium_large":false,"large":false,"1536x1536":false,"2048x2048":false,"widget-thumbnail":false},"uagb_author_info":{"display_name":"Brahma","author_link":"https:\/\/www.pastogilson.com\/en\/author\/brahma\/"},"uagb_comment_info":0,"uagb_excerpt":null,"_links":{"self":[{"href":"https:\/\/www.pastogilson.com\/en\/wp-json\/wp\/v2\/pages\/4117"}],"collection":[{"href":"https:\/\/www.pastogilson.com\/en\/wp-json\/wp\/v2\/pages"}],"about":[{"href":"https:\/\/www.pastogilson.com\/en\/wp-json\/wp\/v2\/types\/page"}],"author":[{"embeddable":true,"href":"https:\/\/www.pastogilson.com\/en\/wp-json\/wp\/v2\/users\/1"}],"replies":[{"embeddable":true,"href":"https:\/\/www.pastogilson.com\/en\/wp-json\/wp\/v2\/comments?post=4117"}],"version-history":[{"count":23,"href":"https:\/\/www.pastogilson.com\/en\/wp-json\/wp\/v2\/pages\/4117\/revisions"}],"predecessor-version":[{"id":5245,"href":"https:\/\/www.pastogilson.com\/en\/wp-json\/wp\/v2\/pages\/4117\/revisions\/5245"}],"wp:attachment":[{"href":"https:\/\/www.pastogilson.com\/en\/wp-json\/wp\/v2\/media?parent=4117"}],"curies":[{"name":"wp","href":"https:\/\/api.w.org\/{rel}","templated":true}]}}